{"id":1473,"date":"2024-06-18T15:19:11","date_gmt":"2024-06-18T15:19:11","guid":{"rendered":"https:\/\/skipthedev.com\/?page_id=1473"},"modified":"2025-01-15T11:18:13","modified_gmt":"2025-01-15T11:18:13","slug":"datenschutzerklaerung","status":"publish","type":"page","link":"https:\/\/digitaldesignforge.com\/de\/datenschutzerklaerung\/","title":{"rendered":"Datenschutzerkl\u00e4rung"},"content":{"rendered":"<h1>Datenschutz-Erkl\u00e4rung<\/h1>\n<h4>1. Verantwortlicher<\/h4>\n<p>Michael Polom<br \/>\nHabichtstra\u00dfe 117<br \/>\n22307 Hamburg<br \/>\nE-Mail: info@digitaldesignforge.com<\/p>\n<h4>2. Erhebung und Speicherung personenbezogener Daten sowie Art und Zweck und deren Verwendung<\/h4>\n<p><strong>a) Bei Erstellung eines Accounts<\/strong> Wenn Sie sich auf unserer Website registrieren, erheben wir folgende Informationen:<\/p>\n<ul>\n<li>Name<\/li>\n<li>E-Mail-Adresse<\/li>\n<li>Benutzername<\/li>\n<li>Passwort<\/li>\n<\/ul>\n<p>Diese Daten werden gespeichert und verarbeitet, um Ihnen den Zugang zum Mitgliederbereich zu erm\u00f6glichen. Der Name wird verwendet, um Datens\u00e4tze zuordnen zu k\u00f6nnen, und die E-Mail-Adresse kann f\u00fcr Werbemails genutzt werden.<\/p>\n<h4>3. Rechtsgrundlage der Verarbeitung<\/h4>\n<p>Die Verarbeitung der oben genannten Daten erfolgt zur Erf\u00fcllung eines Vertrages bzw. zur Durchf\u00fchrung vorvertraglicher Ma\u00dfnahmen (Art. 6 Abs. 1 lit. b DSGVO). Die Nutzung Ihrer E-Mail-Adresse f\u00fcr Werbezwecke erfolgt auf Basis Ihrer Einwilligung (Art. 6 Abs. 1 lit. a DSGVO).<\/p>\n<h4>4. Speicherdauer<\/h4>\n<p>Ihre personenbezogenen Daten werden gespeichert, solange Ihr Account besteht. Sobald Sie Ihren Account l\u00f6schen und best\u00e4tigen, dass Ihre Daten ebenfalls gel\u00f6scht werden sollen, werden diese unverz\u00fcglich gel\u00f6scht.<\/p>\n<h4>5. Weitergabe von Daten<\/h4>\n<p>Ihre pers\u00f6nlichen Daten werden grunds\u00e4tzlich nicht an Dritte weitergegeben. Eine Ausnahme bildet die Nutzung von Diensten wie Google Analytics und Google Tag Manager, die nur nach Ihrer Zustimmung im Cookie-Banner aktiviert werden. Diese Dienste helfen uns, die Nutzung der Website zu analysieren und zu verbessern.<\/p>\n<h4>6. Rechte der betroffenen Person<\/h4>\n<p>Sie haben das Recht:<\/p>\n<ul>\n<li>gem\u00e4\u00df Art. 15 DSGVO Auskunft \u00fcber Ihre von uns verarbeiteten personenbezogenen Daten zu verlangen.<\/li>\n<li>gem\u00e4\u00df Art. 16 DSGVO unverz\u00fcglich die Berichtigung unrichtiger oder Vervollst\u00e4ndigung Ihrer bei uns gespeicherten personenbezogenen Daten zu verlangen.<\/li>\n<li>gem\u00e4\u00df Art. 17 DSGVO die L\u00f6schung Ihrer bei uns gespeicherten personenbezogenen Daten zu verlangen, sofern nicht die Verarbeitung zur Erf\u00fcllung einer rechtlichen Verpflichtung erforderlich ist.<\/li>\n<li>gem\u00e4\u00df Art. 18 DSGVO die Einschr\u00e4nkung der Verarbeitung Ihrer personenbezogenen Daten zu verlangen.<\/li>\n<li>gem\u00e4\u00df Art. 20 DSGVO Ihre personenbezogenen Daten, die Sie uns bereitgestellt haben, in einem strukturierten, g\u00e4ngigen und maschinenlesbaren Format zu erhalten oder die \u00dcbermittlung an einen anderen Verantwortlichen zu verlangen.<\/li>\n<li>gem\u00e4\u00df Art. 7 Abs. 3 DSGVO Ihre einmal erteilte Einwilligung jederzeit gegen\u00fcber uns zu widerrufen.<\/li>\n<li>gem\u00e4\u00df Art. 77 DSGVO sich bei einer Aufsichtsbeh\u00f6rde zu beschweren.<\/li>\n<\/ul>\n<h4>7. Kontakt f\u00fcr Datenschutzanfragen<\/h4>\n<p>F\u00fcr Fragen oder Anliegen bez\u00fcglich Ihrer Daten k\u00f6nnen Sie sich an folgende E-Mail-Adresse wenden: <a rel=\"noreferrer\">info@skipthedev.com<\/a><\/p>\n<h4>8. Cookies und Tracking-Tools<\/h4>\n<p>Unsere Website verwendet Cookies, die erst nach Ihrer Zustimmung im Cookie-Banner gesetzt werden. Nach Best\u00e4tigung werden Google Tag Manager und Google Analytics genutzt. Diese Tools helfen uns, die Nutzung der Website zu analysieren und zu verbessern.<\/p>\n<h4>9. Widerspruchsrecht<\/h4>\n<p>Sofern Ihre personenbezogenen Daten auf Grundlage von berechtigten Interessen gem\u00e4\u00df Art. 6 Abs. 1 lit. f DSGVO verarbeitet werden, haben Sie das Recht, gem\u00e4\u00df Art. 21 DSGVO Widerspruch gegen die Verarbeitung Ihrer personenbezogenen Daten einzulegen, soweit daf\u00fcr Gr\u00fcnde vorliegen, die sich aus Ihrer besonderen Situation ergeben.<\/p>\n","protected":false},"excerpt":{"rendered":"<p>Datenschutz-Erkl\u00e4rung 1. Verantwortlicher Michael Polom Habichtstra\u00dfe 117 22307 Hamburg E-Mail: info@digitaldesignforge.com 2. Erhebung und Speicherung personenbezogener Daten sowie Art und Zweck und deren Verwendung a) Bei Erstellung eines Accounts Wenn Sie sich auf unserer Website registrieren, erheben wir folgende Informationen: Name E-Mail-Adresse Benutzername Passwort Diese Daten werden gespeichert und verarbeitet, um Ihnen den Zugang zum [&hellip;]<\/p>\n","protected":false},"author":1,"featured_media":0,"parent":0,"menu_order":1,"comment_status":"closed","ping_status":"closed","template":"","meta":{"_acf_changed":false,"footnotes":""},"categories":[],"tags":[],"class_list":["post-1473","page","type-page","status-publish","hentry"],"acf":[],"_links":{"self":[{"href":"https:\/\/digitaldesignforge.com\/de\/wp-json\/wp\/v2\/pages\/1473","targetHints":{"allow":["GET"]}}],"collection":[{"href":"https:\/\/digitaldesignforge.com\/de\/wp-json\/wp\/v2\/pages"}],"about":[{"href":"https:\/\/digitaldesignforge.com\/de\/wp-json\/wp\/v2\/types\/page"}],"author":[{"embeddable":true,"href":"https:\/\/digitaldesignforge.com\/de\/wp-json\/wp\/v2\/users\/1"}],"replies":[{"embeddable":true,"href":"https:\/\/digitaldesignforge.com\/de\/wp-json\/wp\/v2\/comments?post=1473"}],"version-history":[{"count":1,"href":"https:\/\/digitaldesignforge.com\/de\/wp-json\/wp\/v2\/pages\/1473\/revisions"}],"predecessor-version":[{"id":11502,"href":"https:\/\/digitaldesignforge.com\/de\/wp-json\/wp\/v2\/pages\/1473\/revisions\/11502"}],"wp:attachment":[{"href":"https:\/\/digitaldesignforge.com\/de\/wp-json\/wp\/v2\/media?parent=1473"}],"wp:term":[{"taxonomy":"category","embeddable":true,"href":"https:\/\/digitaldesignforge.com\/de\/wp-json\/wp\/v2\/categories?post=1473"},{"taxonomy":"post_tag","embeddable":true,"href":"https:\/\/digitaldesignforge.com\/de\/wp-json\/wp\/v2\/tags?post=1473"}],"curies":[{"name":"wp","href":"https:\/\/api.w.org\/{rel}","templated":true}]}}