{"id":14430,"date":"2025-01-20T18:41:52","date_gmt":"2025-01-20T18:41:52","guid":{"rendered":"https:\/\/digitaldesignforge.com\/support-und-wartung\/"},"modified":"2025-01-22T13:09:31","modified_gmt":"2025-01-22T13:09:31","slug":"support-und-wartung","status":"publish","type":"page","link":"https:\/\/digitaldesignforge.com\/de\/support-und-wartung\/","title":{"rendered":"Support &#038; Wartung"},"content":{"rendered":"\t\t<div data-elementor-type=\"wp-page\" data-elementor-id=\"14430\" class=\"elementor elementor-14430 elementor-14400\" data-elementor-post-type=\"page\">\n\t\t\t\t<div class=\"elementor-element elementor-element-73df654 e-flex e-con-boxed e-con e-parent\" data-id=\"73df654\" data-element_type=\"container\" data-e-type=\"container\" data-settings=\"{&quot;background_background&quot;:&quot;gradient&quot;}\">\n\t\t\t\t\t<div class=\"e-con-inner\">\n\t\t<div class=\"elementor-element elementor-element-e82ffe5 e-con-full e-flex e-con e-child\" data-id=\"e82ffe5\" data-element_type=\"container\" data-e-type=\"container\" data-settings=\"{&quot;background_background&quot;:&quot;gradient&quot;,&quot;position&quot;:&quot;absolute&quot;}\">\n\t\t\t\t<\/div>\n\t\t<div class=\"elementor-element elementor-element-7093f2f e-con-full e-flex e-con e-child\" data-id=\"7093f2f\" data-element_type=\"container\" data-e-type=\"container\">\n\t\t\t\t<div class=\"elementor-element elementor-element-08d9fc1 elementor-absolute elementor-view-default elementor-widget elementor-widget-icon\" data-id=\"08d9fc1\" data-element_type=\"widget\" data-e-type=\"widget\" data-settings=\"{&quot;_position&quot;:&quot;absolute&quot;}\" data-widget_type=\"icon.default\">\n\t\t\t\t<div class=\"elementor-widget-container\">\n\t\t\t\t\t\t\t<div class=\"elementor-icon-wrapper\">\n\t\t\t<div class=\"elementor-icon\">\n\t\t\t<i aria-hidden=\"true\" class=\"fas fa-shield-alt\"><\/i>\t\t\t<\/div>\n\t\t<\/div>\n\t\t\t\t\t\t<\/div>\n\t\t\t\t<\/div>\n\t\t\t\t<div class=\"elementor-element elementor-element-5cfb364 elementor-widget elementor-widget-heading\" data-id=\"5cfb364\" data-element_type=\"widget\" data-e-type=\"widget\" data-widget_type=\"heading.default\">\n\t\t\t\t<div class=\"elementor-widget-container\">\n\t\t\t\t\t<h2 class=\"elementor-heading-title elementor-size-default\">Support &amp; Wartung<\/h2>\t\t\t\t<\/div>\n\t\t\t\t<\/div>\n\t\t\t\t<div class=\"elementor-element elementor-element-560a3e0 elementor-widget elementor-widget-text-editor\" data-id=\"560a3e0\" data-element_type=\"widget\" data-e-type=\"widget\" data-widget_type=\"text-editor.default\">\n\t\t\t\t<div class=\"elementor-widget-container\">\n\t\t\t\t\t\t\t\t\t<p>Regelm\u00e4\u00dfige Updates, Sicherheit und Korrekturen, um den Betrieb Ihrer Website aufrechtzuerhalten.<\/p>\n\t\t\t\t\t\t\t\t<\/div>\n\t\t\t\t<\/div>\n\t\t\t\t<\/div>\n\t\t\t\t\t<\/div>\n\t\t\t\t<\/div>\n\t\t<div class=\"elementor-element elementor-element-9ce914d e-flex e-con-boxed e-con e-parent\" data-id=\"9ce914d\" data-element_type=\"container\" data-e-type=\"container\">\n\t\t\t\t\t<div class=\"e-con-inner\">\n\t\t<div class=\"elementor-element elementor-element-e0e34fa e-con-full e-flex e-con e-child\" data-id=\"e0e34fa\" data-element_type=\"container\" data-e-type=\"container\">\n\t\t\t\t<div class=\"elementor-element elementor-element-07068b0 elementor-widget__width-initial elementor-widget-tablet__width-initial elementor-widget-mobile__width-inherit elementor-widget elementor-widget-text-editor\" data-id=\"07068b0\" data-element_type=\"widget\" data-e-type=\"widget\" data-widget_type=\"text-editor.default\">\n\t\t\t\t<div class=\"elementor-widget-container\">\n\t\t\t\t\t\t\t\t\t<p><span style=\"font-weight: 400;\">Support &amp; Wartung \u2013 Deine Website immer sicher &amp; aktuell<\/span><\/p>\n<h2>Warum regelm\u00e4\u00dfige Wartung wichtig ist<\/h2>\n<p><span style=\"font-weight: 400;\">Websites sind kein \u201eEinmal erstellen, dann vergessen\u201c-Ding. Genau wie ein Auto regelm\u00e4\u00dfig gewartet werden muss, braucht auch deine Website Updates und Pflege, damit sie sicher bleibt und weiterhin so aussieht, wie sie soll. Frameworks und Plugins \u00e4ndern sich nicht st\u00e4ndig, aber wenn sie es tun, kann es sein, dass deine Seite pl\u00f6tzlich anders aussieht oder sogar Probleme macht. Genau da komme ich ins Spiel.<\/span><\/p>\n\t\t\t\t\t\t\t\t<\/div>\n\t\t\t\t<\/div>\n\t\t\t\t<div class=\"elementor-element elementor-element-6257d10 elementor-widget__width-initial elementor-widget-mobile__width-inherit elementor-widget elementor-widget-image\" data-id=\"6257d10\" data-element_type=\"widget\" data-e-type=\"widget\" data-widget_type=\"image.default\">\n\t\t\t\t<div class=\"elementor-widget-container\">\n\t\t\t\t\t\t\t\t\t\t\t\t\t\t\t<img fetchpriority=\"high\" decoding=\"async\" width=\"800\" height=\"800\" src=\"https:\/\/digitaldesignforge.com\/wp-content\/uploads\/2025\/01\/custom.webp\" class=\"attachment-large size-large wp-image-16069\" alt=\"digitaldesignforge software illustration\" srcset=\"https:\/\/digitaldesignforge.com\/wp-content\/uploads\/2025\/01\/custom.webp 1024w, https:\/\/digitaldesignforge.com\/wp-content\/uploads\/2025\/01\/custom-300x300.webp 300w, https:\/\/digitaldesignforge.com\/wp-content\/uploads\/2025\/01\/custom-150x150.webp 150w, https:\/\/digitaldesignforge.com\/wp-content\/uploads\/2025\/01\/custom-768x768.webp 768w, https:\/\/digitaldesignforge.com\/wp-content\/uploads\/2025\/01\/custom-24x24.webp 24w, https:\/\/digitaldesignforge.com\/wp-content\/uploads\/2025\/01\/custom-48x48.webp 48w, https:\/\/digitaldesignforge.com\/wp-content\/uploads\/2025\/01\/custom-96x96.webp 96w\" sizes=\"(max-width: 800px) 100vw, 800px\" \/>\t\t\t\t\t\t\t\t\t\t\t\t\t\t\t<\/div>\n\t\t\t\t<\/div>\n\t\t\t\t<\/div>\n\t\t\t\t<div class=\"elementor-element elementor-element-155379a elementor-widget elementor-widget-text-editor\" data-id=\"155379a\" data-element_type=\"widget\" data-e-type=\"widget\" data-widget_type=\"text-editor.default\">\n\t\t\t\t<div class=\"elementor-widget-container\">\n\t\t\t\t\t\t\t\t\t<h2>Was beinhaltet mein Wartungsservice?<\/h2>\n<p><span style=\"font-weight: 400;\">Regelm\u00e4\u00dfige Updates Technologie entwickelt sich weiter und deine Website sollte mithalten. Ich halte dein WordPress, deine Themes und Plugins aktuell und stelle sicher, dass alles reibungslos funktioniert.<\/span><\/p>\n<p><span style=\"font-weight: 400;\">Fix f\u00fcr Layout-\u00c4nderungen Manchmal sorgt ein Update daf\u00fcr, dass sich das Layout ver\u00e4ndert. Ich behalte das im Blick und korrigiere es schnell, damit deine Seite immer professionell aussieht.<\/span><\/p>\n<p><span style=\"font-weight: 400;\">Backup &amp; Sicherheit Fehler, Hacks oder technische Probleme k\u00f6nnen immer mal passieren. Dank regelm\u00e4\u00dfiger Backups ist deine Website immer gesch\u00fctzt und kann schnell wiederhergestellt werden, falls etwas schiefgeht.<\/span><\/p>\n<p><span style=\"font-weight: 400;\">Laufender Support Falls nach einem Update pl\u00f6tzlich irgendwas komisch aussieht, bin ich da. Ich k\u00fcmmere mich um kleine Anpassungen und Fixes, damit du dir keine Sorgen machen musst.<\/span><\/p>\n\t\t\t\t\t\t\t\t<\/div>\n\t\t\t\t<\/div>\n\t\t<div class=\"elementor-element elementor-element-e69c07e e-con-full e-flex e-con e-child\" data-id=\"e69c07e\" data-element_type=\"container\" data-e-type=\"container\">\n\t\t\t\t<div class=\"elementor-element elementor-element-53ca732 elementor-widget__width-initial elementor-widget-mobile__width-inherit elementor-widget elementor-widget-text-editor\" data-id=\"53ca732\" data-element_type=\"widget\" data-e-type=\"widget\" data-widget_type=\"text-editor.default\">\n\t\t\t\t<div class=\"elementor-widget-container\">\n\t\t\t\t\t\t\t\t\t<h2>Warum mit mir arbeiten?<\/h2>\n<p><span style=\"font-weight: 400;\">Proaktives Monitoring Ich halte deine Website im Auge, damit du dich nicht darum k\u00fcmmern musst. Schnelle Fixes Kein Stress, wenn ein Update mal Probleme macht. Zuverl\u00e4ssige Backups Deine Seite ist immer sicher und kann jederzeit wiederhergestellt werden.<\/p>\n<p><\/span><\/p>\n<h2>Sorg dich nicht um Technik \u2013 ich mach das f\u00fcr dich!<\/h2>\n<p><span style=\"font-weight: 400;\">Lass kleine Probleme gar nicht erst gro\u00df werden. Halte deine Website aktuell, sicher und reibungslos am Laufen. Lass uns \u00fcber einen Wartungsplan reden, der zu dir passt!<\/span><\/p>\n\t\t\t\t\t\t\t\t<\/div>\n\t\t\t\t<\/div>\n\t\t\t\t<div class=\"elementor-element elementor-element-e7c1653 elementor-widget__width-initial elementor-widget-mobile__width-inherit elementor-widget elementor-widget-image\" data-id=\"e7c1653\" data-element_type=\"widget\" data-e-type=\"widget\" data-widget_type=\"image.default\">\n\t\t\t\t<div class=\"elementor-widget-container\">\n\t\t\t\t\t\t\t\t\t\t\t\t\t\t\t<img decoding=\"async\" width=\"800\" height=\"800\" src=\"https:\/\/digitaldesignforge.com\/wp-content\/uploads\/2025\/01\/handshake.webp\" class=\"attachment-large size-large wp-image-15921\" alt=\"digitaldesignforge handshake illustration\" srcset=\"https:\/\/digitaldesignforge.com\/wp-content\/uploads\/2025\/01\/handshake.webp 1024w, https:\/\/digitaldesignforge.com\/wp-content\/uploads\/2025\/01\/handshake-300x300.webp 300w, https:\/\/digitaldesignforge.com\/wp-content\/uploads\/2025\/01\/handshake-150x150.webp 150w, https:\/\/digitaldesignforge.com\/wp-content\/uploads\/2025\/01\/handshake-768x768.webp 768w, https:\/\/digitaldesignforge.com\/wp-content\/uploads\/2025\/01\/handshake-24x24.webp 24w, https:\/\/digitaldesignforge.com\/wp-content\/uploads\/2025\/01\/handshake-48x48.webp 48w, https:\/\/digitaldesignforge.com\/wp-content\/uploads\/2025\/01\/handshake-96x96.webp 96w\" sizes=\"(max-width: 800px) 100vw, 800px\" \/>\t\t\t\t\t\t\t\t\t\t\t\t\t\t\t<\/div>\n\t\t\t\t<\/div>\n\t\t\t\t<\/div>\n\t\t\t\t\t<\/div>\n\t\t\t\t<\/div>\n\t\t\t\t<\/div>\n\t\t","protected":false},"excerpt":{"rendered":"<p>Support &amp; Wartung Regelm\u00e4\u00dfige Updates, Sicherheit und Korrekturen, um den Betrieb Ihrer Website aufrechtzuerhalten. Support &amp; Wartung \u2013 Deine Website immer sicher &amp; aktuell Warum regelm\u00e4\u00dfige Wartung wichtig ist Websites sind kein \u201eEinmal erstellen, dann vergessen\u201c-Ding. Genau wie ein Auto regelm\u00e4\u00dfig gewartet werden muss, braucht auch deine Website Updates und Pflege, damit sie sicher bleibt [&hellip;]<\/p>\n","protected":false},"author":1,"featured_media":0,"parent":0,"menu_order":0,"comment_status":"closed","ping_status":"closed","template":"","meta":{"_acf_changed":false,"footnotes":""},"categories":[],"tags":[],"class_list":["post-14430","page","type-page","status-publish","hentry"],"acf":[],"_links":{"self":[{"href":"https:\/\/digitaldesignforge.com\/de\/wp-json\/wp\/v2\/pages\/14430","targetHints":{"allow":["GET"]}}],"collection":[{"href":"https:\/\/digitaldesignforge.com\/de\/wp-json\/wp\/v2\/pages"}],"about":[{"href":"https:\/\/digitaldesignforge.com\/de\/wp-json\/wp\/v2\/types\/page"}],"author":[{"embeddable":true,"href":"https:\/\/digitaldesignforge.com\/de\/wp-json\/wp\/v2\/users\/1"}],"replies":[{"embeddable":true,"href":"https:\/\/digitaldesignforge.com\/de\/wp-json\/wp\/v2\/comments?post=14430"}],"version-history":[{"count":10,"href":"https:\/\/digitaldesignforge.com\/de\/wp-json\/wp\/v2\/pages\/14430\/revisions"}],"predecessor-version":[{"id":16201,"href":"https:\/\/digitaldesignforge.com\/de\/wp-json\/wp\/v2\/pages\/14430\/revisions\/16201"}],"wp:attachment":[{"href":"https:\/\/digitaldesignforge.com\/de\/wp-json\/wp\/v2\/media?parent=14430"}],"wp:term":[{"taxonomy":"category","embeddable":true,"href":"https:\/\/digitaldesignforge.com\/de\/wp-json\/wp\/v2\/categories?post=14430"},{"taxonomy":"post_tag","embeddable":true,"href":"https:\/\/digitaldesignforge.com\/de\/wp-json\/wp\/v2\/tags?post=14430"}],"curies":[{"name":"wp","href":"https:\/\/api.w.org\/{rel}","templated":true}]}}