{"id":14380,"date":"2025-01-20T18:26:35","date_gmt":"2025-01-20T18:26:35","guid":{"rendered":"https:\/\/digitaldesignforge.com\/massgeschneiderte-websiten\/"},"modified":"2025-01-22T13:11:01","modified_gmt":"2025-01-22T13:11:01","slug":"massgeschneiderte-websiten","status":"publish","type":"page","link":"https:\/\/digitaldesignforge.com\/de\/massgeschneiderte-websiten\/","title":{"rendered":"Ma\u00dfgeschneiderte Websiten"},"content":{"rendered":"\t\t<div data-elementor-type=\"wp-page\" data-elementor-id=\"14380\" class=\"elementor elementor-14380 elementor-14336\" data-elementor-post-type=\"page\">\n\t\t\t\t<div class=\"elementor-element elementor-element-0c110b7 e-flex e-con-boxed e-con e-parent\" data-id=\"0c110b7\" data-element_type=\"container\" data-e-type=\"container\" data-settings=\"{&quot;background_background&quot;:&quot;gradient&quot;}\">\n\t\t\t\t\t<div class=\"e-con-inner\">\n\t\t<div class=\"elementor-element elementor-element-1d911cf e-con-full e-flex e-con e-child\" data-id=\"1d911cf\" data-element_type=\"container\" data-e-type=\"container\" data-settings=\"{&quot;background_background&quot;:&quot;gradient&quot;,&quot;position&quot;:&quot;absolute&quot;}\">\n\t\t\t\t<\/div>\n\t\t<div class=\"elementor-element elementor-element-987bb34 e-con-full e-flex e-con e-child\" data-id=\"987bb34\" data-element_type=\"container\" data-e-type=\"container\">\n\t\t\t\t<div class=\"elementor-element elementor-element-3bab475 elementor-absolute elementor-view-default elementor-widget elementor-widget-icon\" data-id=\"3bab475\" data-element_type=\"widget\" data-e-type=\"widget\" data-settings=\"{&quot;_position&quot;:&quot;absolute&quot;}\" data-widget_type=\"icon.default\">\n\t\t\t\t<div class=\"elementor-widget-container\">\n\t\t\t\t\t\t\t<div class=\"elementor-icon-wrapper\">\n\t\t\t<div class=\"elementor-icon\">\n\t\t\t<i aria-hidden=\"true\" class=\"fas fa-box-open\"><\/i>\t\t\t<\/div>\n\t\t<\/div>\n\t\t\t\t\t\t<\/div>\n\t\t\t\t<\/div>\n\t\t\t\t<div class=\"elementor-element elementor-element-b8c40a3 elementor-widget elementor-widget-heading\" data-id=\"b8c40a3\" data-element_type=\"widget\" data-e-type=\"widget\" data-widget_type=\"heading.default\">\n\t\t\t\t<div class=\"elementor-widget-container\">\n\t\t\t\t\t<h2 class=\"elementor-heading-title elementor-size-default\">Ma\u00dfgeschneiderte Websiten<\/h2>\t\t\t\t<\/div>\n\t\t\t\t<\/div>\n\t\t\t\t<div class=\"elementor-element elementor-element-05986b0 elementor-widget elementor-widget-text-editor\" data-id=\"05986b0\" data-element_type=\"widget\" data-e-type=\"widget\" data-widget_type=\"text-editor.default\">\n\t\t\t\t<div class=\"elementor-widget-container\">\n\t\t\t\t\t\t\t\t\t<p>Ma\u00dfgeschneiderte Webseiten mit erweiterten Funktionen und individuellen L\u00f6sungen.<\/p>\n\t\t\t\t\t\t\t\t<\/div>\n\t\t\t\t<\/div>\n\t\t\t\t<\/div>\n\t\t\t\t\t<\/div>\n\t\t\t\t<\/div>\n\t\t<div class=\"elementor-element elementor-element-4ff68fa e-flex e-con-boxed e-con e-parent\" data-id=\"4ff68fa\" data-element_type=\"container\" data-e-type=\"container\">\n\t\t\t\t\t<div class=\"e-con-inner\">\n\t\t<div class=\"elementor-element elementor-element-cbc5093 e-con-full e-flex e-con e-child\" data-id=\"cbc5093\" data-element_type=\"container\" data-e-type=\"container\">\n\t\t\t\t<div class=\"elementor-element elementor-element-e40fad6 elementor-widget__width-initial elementor-widget-mobile__width-inherit elementor-widget elementor-widget-text-editor\" data-id=\"e40fad6\" data-element_type=\"widget\" data-e-type=\"widget\" data-widget_type=\"text-editor.default\">\n\t\t\t\t<div class=\"elementor-widget-container\">\n\t\t\t\t\t\t\t\t\t<p><span style=\"font-weight: 400;\">Individuelle Website-Einrichtung \u2013 Ma\u00dfgeschneiderte L\u00f6sungen f\u00fcr dein Business<\/span><\/p>\n<h2>Was ist eine individuelle Website-Einrichtung?<\/h2>\n<p><span style=\"font-weight: 400;\">Nicht jedes Business passt in eine Standardvorlage, und genau deshalb sollte deine Website genau auf deine Bed\u00fcrfnisse zugeschnitten sein. Mit meinem Service bekommst du eine Website, die speziell f\u00fcr dich entwickelt wird \u2013 mit individuellen Funktionen, automatisierten Workflows und einer reibungslosen digitalen Erfahrung.<\/span><\/p>\n\t\t\t\t\t\t\t\t<\/div>\n\t\t\t\t<\/div>\n\t\t\t\t<div class=\"elementor-element elementor-element-14024e7 elementor-widget__width-initial elementor-widget-mobile__width-inherit elementor-widget elementor-widget-image\" data-id=\"14024e7\" data-element_type=\"widget\" data-e-type=\"widget\" data-widget_type=\"image.default\">\n\t\t\t\t<div class=\"elementor-widget-container\">\n\t\t\t\t\t\t\t\t\t\t\t\t\t\t\t<img fetchpriority=\"high\" decoding=\"async\" width=\"800\" height=\"800\" src=\"https:\/\/digitaldesignforge.com\/wp-content\/uploads\/2025\/01\/custom.webp\" class=\"attachment-large size-large wp-image-16069\" alt=\"digitaldesignforge software illustration\" srcset=\"https:\/\/digitaldesignforge.com\/wp-content\/uploads\/2025\/01\/custom.webp 1024w, https:\/\/digitaldesignforge.com\/wp-content\/uploads\/2025\/01\/custom-300x300.webp 300w, https:\/\/digitaldesignforge.com\/wp-content\/uploads\/2025\/01\/custom-150x150.webp 150w, https:\/\/digitaldesignforge.com\/wp-content\/uploads\/2025\/01\/custom-768x768.webp 768w, https:\/\/digitaldesignforge.com\/wp-content\/uploads\/2025\/01\/custom-24x24.webp 24w, https:\/\/digitaldesignforge.com\/wp-content\/uploads\/2025\/01\/custom-48x48.webp 48w, https:\/\/digitaldesignforge.com\/wp-content\/uploads\/2025\/01\/custom-96x96.webp 96w\" sizes=\"(max-width: 800px) 100vw, 800px\" \/>\t\t\t\t\t\t\t\t\t\t\t\t\t\t\t<\/div>\n\t\t\t\t<\/div>\n\t\t\t\t<\/div>\n\t\t\t\t<div class=\"elementor-element elementor-element-1853f90 web-content elementor-widget elementor-widget-text-editor\" data-id=\"1853f90\" data-element_type=\"widget\" data-e-type=\"widget\" data-widget_type=\"text-editor.default\">\n\t\t\t\t<div class=\"elementor-widget-container\">\n\t\t\t\t\t\t\t\t\t<h2>Warum individuelle Funktionen wichtig sind<\/h2>\n<p><span style=\"font-weight: 400;\">Viele Unternehmen k\u00e4mpfen mit ineffizienten Prozessen und nutzen verschiedene Tools, die nicht richtig zusammenarbeiten. Standardl\u00f6sungen reichen oft nicht aus und k\u00f6nnen Zeit und Geld kosten. Hier komme ich ins Spiel, ich entwickle ma\u00dfgeschneiderte L\u00f6sungen, die deine Abl\u00e4ufe optimieren, das Nutzererlebnis verbessern und dein Business effizienter machen.<\/span><\/p>\n<p><span style=\"font-weight: 400;\">Ein paar Beispiele f\u00fcr individuelle L\u00f6sungen:<\/span><\/p>\n<ul>\n<li style=\"font-weight: 400;\" aria-level=\"1\"><span style=\"font-weight: 400;\">Automatisierte Buchungs- und Terminplanungssysteme<\/span><\/li>\n<li style=\"font-weight: 400;\" aria-level=\"1\"><span style=\"font-weight: 400;\">Eigene Dashboards f\u00fcr die Verwaltung deiner Unternehmensdaten<\/span><\/li>\n<li style=\"font-weight: 400;\" aria-level=\"1\"><span style=\"font-weight: 400;\">API-Integrationen, um verschiedene Software-Tools zu verbinden<\/span><\/li>\n<li style=\"font-weight: 400;\" aria-level=\"1\"><span style=\"font-weight: 400;\">Verbesserte E-Commerce-Funktionen wie dynamische Preise oder spezielle Checkout-Prozesse<\/span><\/li>\n<\/ul>\n\t\t\t\t\t\t\t\t<\/div>\n\t\t\t\t<\/div>\n\t\t<div class=\"elementor-element elementor-element-32f253e e-con-full e-flex e-con e-child\" data-id=\"32f253e\" data-element_type=\"container\" data-e-type=\"container\">\n\t\t\t\t<div class=\"elementor-element elementor-element-6c3c5d9 elementor-widget__width-initial elementor-widget-mobile__width-inherit elementor-widget elementor-widget-text-editor\" data-id=\"6c3c5d9\" data-element_type=\"widget\" data-e-type=\"widget\" data-widget_type=\"text-editor.default\">\n\t\t\t\t<div class=\"elementor-widget-container\">\n\t\t\t\t\t\t\t\t\t<h2>Wie ich arbeite<\/h2>\n<h3>Schritt 1: Analyse &amp; Beratung<\/h3>\n<p><span style=\"font-weight: 400;\">Jedes Business funktioniert anders, also nehme ich mir zuerst die Zeit, deins richtig zu verstehen. Ich analysiere deine Abl\u00e4ufe, finde Schwachstellen und schaue, wo digitale L\u00f6sungen dir Zeit und Geld sparen k\u00f6nnen. Das Ziel ist nicht einfach nur eine Website, sondern ein digitales Werkzeug, das dich wirklich weiterbringt.<\/span><\/p>\n\t\t\t\t\t\t\t\t<\/div>\n\t\t\t\t<\/div>\n\t\t\t\t<div class=\"elementor-element elementor-element-7daf4c4 elementor-widget__width-initial elementor-widget-mobile__width-inherit elementor-widget elementor-widget-image\" data-id=\"7daf4c4\" data-element_type=\"widget\" data-e-type=\"widget\" data-widget_type=\"image.default\">\n\t\t\t\t<div class=\"elementor-widget-container\">\n\t\t\t\t\t\t\t\t\t\t\t\t\t\t\t<img decoding=\"async\" width=\"800\" height=\"800\" src=\"https:\/\/digitaldesignforge.com\/wp-content\/uploads\/2025\/01\/development.webp\" class=\"attachment-large size-large wp-image-15941\" alt=\"digitaldesignforge working illustration\" srcset=\"https:\/\/digitaldesignforge.com\/wp-content\/uploads\/2025\/01\/development.webp 1024w, https:\/\/digitaldesignforge.com\/wp-content\/uploads\/2025\/01\/development-300x300.webp 300w, https:\/\/digitaldesignforge.com\/wp-content\/uploads\/2025\/01\/development-150x150.webp 150w, https:\/\/digitaldesignforge.com\/wp-content\/uploads\/2025\/01\/development-768x768.webp 768w, https:\/\/digitaldesignforge.com\/wp-content\/uploads\/2025\/01\/development-24x24.webp 24w, https:\/\/digitaldesignforge.com\/wp-content\/uploads\/2025\/01\/development-48x48.webp 48w, https:\/\/digitaldesignforge.com\/wp-content\/uploads\/2025\/01\/development-96x96.webp 96w\" sizes=\"(max-width: 800px) 100vw, 800px\" \/>\t\t\t\t\t\t\t\t\t\t\t\t\t\t\t<\/div>\n\t\t\t\t<\/div>\n\t\t\t\t<\/div>\n\t\t<div class=\"elementor-element elementor-element-ed2ad67 e-con-full e-flex e-con e-child\" data-id=\"ed2ad67\" data-element_type=\"container\" data-e-type=\"container\">\n\t\t\t\t<div class=\"elementor-element elementor-element-0bf5082 elementor-widget__width-initial elementor-widget-mobile__width-inherit elementor-widget elementor-widget-text-editor\" data-id=\"0bf5082\" data-element_type=\"widget\" data-e-type=\"widget\" data-widget_type=\"text-editor.default\">\n\t\t\t\t<div class=\"elementor-widget-container\">\n\t\t\t\t\t\t\t\t\t<h3>Schritt 2: Planung &amp; Konzeption<\/h3>\n<p><span style=\"font-weight: 400;\">Sobald ich dein Business durchschaut habe, erstelle ich einen klaren Plan mit den wichtigsten Funktionen und der besten Art, sie umzusetzen. Ich entscheide mich f\u00fcr die passende Technologie, plane m\u00f6gliche Integrationen und sorge daf\u00fcr, dass die L\u00f6sung auch in Zukunft skalierbar bleibt. Alles ist transparent, du wei\u00dft immer genau, was auf dich zukommt.<\/span><\/p>\n\t\t\t\t\t\t\t\t<\/div>\n\t\t\t\t<\/div>\n\t\t\t\t<div class=\"elementor-element elementor-element-21da892 elementor-widget__width-initial elementor-widget-mobile__width-inherit elementor-widget elementor-widget-text-editor\" data-id=\"21da892\" data-element_type=\"widget\" data-e-type=\"widget\" data-widget_type=\"text-editor.default\">\n\t\t\t\t<div class=\"elementor-widget-container\">\n\t\t\t\t\t\t\t\t\t<h3>Schritt 3: Entwicklung &amp; Umsetzung<\/h3>\n<p><span style=\"font-weight: 400;\">Jetzt geht\u2019s ans Eingemachte. Ich setze dein individuelles Feature um, baue Automatisierungen oder integriere externe Tools, immer mit dem Fokus auf Benutzerfreundlichkeit, Sicherheit und Effizienz. Egal ob Kundenportale, interne Workflows oder smarte Verbindungen zwischen verschiedenen Systemen, alles wird so entwickelt, dass es sich nahtlos in dein Business einf\u00fcgt.<\/span><\/p>\n\t\t\t\t\t\t\t\t<\/div>\n\t\t\t\t<\/div>\n\t\t\t\t<\/div>\n\t\t<div class=\"elementor-element elementor-element-c8bd715 e-con-full e-flex e-con e-child\" data-id=\"c8bd715\" data-element_type=\"container\" data-e-type=\"container\">\n\t\t\t\t<div class=\"elementor-element elementor-element-8d68da0 elementor-widget__width-initial elementor-widget-mobile__width-inherit elementor-widget elementor-widget-text-editor\" data-id=\"8d68da0\" data-element_type=\"widget\" data-e-type=\"widget\" data-widget_type=\"text-editor.default\">\n\t\t\t\t<div class=\"elementor-widget-container\">\n\t\t\t\t\t\t\t\t\t<h3>Schritt 4: Testen &amp; Optimieren<\/h3>\n<p><span style=\"font-weight: 400;\">Bevor alles live geht, wird gr\u00fcndlich getestet. So stelle ich sicher, dass deine Website oder das neue Feature genau so funktioniert, wie es soll. Falls es noch kleine Anpassungen braucht, werden die nat\u00fcrlich umgesetzt.<\/span><\/p>\n\t\t\t\t\t\t\t\t<\/div>\n\t\t\t\t<\/div>\n\t\t\t\t<div class=\"elementor-element elementor-element-eae3115 elementor-widget__width-initial elementor-widget-mobile__width-inherit elementor-widget elementor-widget-text-editor\" data-id=\"eae3115\" data-element_type=\"widget\" data-e-type=\"widget\" data-widget_type=\"text-editor.default\">\n\t\t\t\t<div class=\"elementor-widget-container\">\n\t\t\t\t\t\t\t\t\t<h3>Schritt 5: Live-Schaltung &amp; Support<\/h3>\n<p><span style=\"font-weight: 400;\">Wenn alles fertig ist, wird dein neues System in dein Business integriert. Ich kann das Hosting \u00fcbernehmen oder helfe dir, alles auf deinem eigenen Server einzurichten. Falls du sp\u00e4ter Support brauchst, stehe ich nat\u00fcrlich weiterhin zur Verf\u00fcgung.<\/span><\/p>\n\t\t\t\t\t\t\t\t<\/div>\n\t\t\t\t<\/div>\n\t\t\t\t<\/div>\n\t\t<div class=\"elementor-element elementor-element-26283e8 e-con-full e-flex e-con e-child\" data-id=\"26283e8\" data-element_type=\"container\" data-e-type=\"container\">\n\t\t\t\t<div class=\"elementor-element elementor-element-71d05a9 elementor-widget__width-initial elementor-widget-mobile__width-inherit elementor-widget elementor-widget-text-editor\" data-id=\"71d05a9\" data-element_type=\"widget\" data-e-type=\"widget\" data-widget_type=\"text-editor.default\">\n\t\t\t\t<div class=\"elementor-widget-container\">\n\t\t\t\t\t\t\t\t\t<h2>Warum mit mir arbeiten?<\/h2>\n<ul>\n<li style=\"font-weight: 400;\" aria-level=\"1\"><span style=\"font-weight: 400;\">\u00dcber 12 Jahre Erfahrung \u2013 Ich bin Software- und Webentwickler und bringe fundiertes Know-how mit.<\/span><\/li>\n<li style=\"font-weight: 400;\" aria-level=\"1\"><span style=\"font-weight: 400;\">Spezialisiert auf Prozessoptimierung \u2013 Ich baue nicht nur Websites, sondern helfe Unternehmen, effizienter zu arbeiten und Abl\u00e4ufe zu automatisieren.<\/span><\/li>\n<li style=\"font-weight: 400;\" aria-level=\"1\"><span style=\"font-weight: 400;\">Skalierbare &amp; zukunftssichere L\u00f6sungen \u2013 Alles, was ich entwickle, w\u00e4chst mit deinem Business mit.<\/span><\/li>\n<li style=\"font-weight: 400;\" aria-level=\"1\"><span style=\"font-weight: 400;\">Ehrlich &amp; transparent \u2013 Ich gebe klare Empfehlungen, realistische Zeitpl\u00e4ne und entwickle nur L\u00f6sungen, die wirklich Sinn machen.<\/span><\/li>\n<\/ul>\n\t\t\t\t\t\t\t\t<\/div>\n\t\t\t\t<\/div>\n\t\t\t\t<div class=\"elementor-element elementor-element-b98849d elementor-widget__width-initial elementor-widget-mobile__width-inherit elementor-widget elementor-widget-image\" data-id=\"b98849d\" data-element_type=\"widget\" data-e-type=\"widget\" data-widget_type=\"image.default\">\n\t\t\t\t<div class=\"elementor-widget-container\">\n\t\t\t\t\t\t\t\t\t\t\t\t\t\t\t<img decoding=\"async\" width=\"800\" height=\"800\" src=\"https:\/\/digitaldesignforge.com\/wp-content\/uploads\/2025\/01\/handshake.webp\" class=\"attachment-large size-large wp-image-15921\" alt=\"digitaldesignforge handshake illustration\" srcset=\"https:\/\/digitaldesignforge.com\/wp-content\/uploads\/2025\/01\/handshake.webp 1024w, https:\/\/digitaldesignforge.com\/wp-content\/uploads\/2025\/01\/handshake-300x300.webp 300w, https:\/\/digitaldesignforge.com\/wp-content\/uploads\/2025\/01\/handshake-150x150.webp 150w, https:\/\/digitaldesignforge.com\/wp-content\/uploads\/2025\/01\/handshake-768x768.webp 768w, https:\/\/digitaldesignforge.com\/wp-content\/uploads\/2025\/01\/handshake-24x24.webp 24w, https:\/\/digitaldesignforge.com\/wp-content\/uploads\/2025\/01\/handshake-48x48.webp 48w, https:\/\/digitaldesignforge.com\/wp-content\/uploads\/2025\/01\/handshake-96x96.webp 96w\" sizes=\"(max-width: 800px) 100vw, 800px\" \/>\t\t\t\t\t\t\t\t\t\t\t\t\t\t\t<\/div>\n\t\t\t\t<\/div>\n\t\t\t\t<\/div>\n\t\t\t\t<div class=\"elementor-element elementor-element-7df4ea8 web-content elementor-widget elementor-widget-text-editor\" data-id=\"7df4ea8\" data-element_type=\"widget\" data-e-type=\"widget\" data-widget_type=\"text-editor.default\">\n\t\t\t\t<div class=\"elementor-widget-container\">\n\t\t\t\t\t\t\t\t\t<h2>Lass uns loslegen<\/h2>\n<p><span style=\"font-weight: 400;\">Wenn du eine Website willst, die nicht nur gut aussieht, sondern dein Business auch wirklich weiterbringt, dann lass uns reden. Ich freue mich, mehr \u00fcber dein Projekt zu erfahren!<\/span><\/p>\n\t\t\t\t\t\t\t\t<\/div>\n\t\t\t\t<\/div>\n\t\t\t\t\t<\/div>\n\t\t\t\t<\/div>\n\t\t\t\t<\/div>\n\t\t","protected":false},"excerpt":{"rendered":"<p>Ma\u00dfgeschneiderte Websiten Ma\u00dfgeschneiderte Webseiten mit erweiterten Funktionen und individuellen L\u00f6sungen. Individuelle Website-Einrichtung \u2013 Ma\u00dfgeschneiderte L\u00f6sungen f\u00fcr dein Business Was ist eine individuelle Website-Einrichtung? Nicht jedes Business passt in eine Standardvorlage, und genau deshalb sollte deine Website genau auf deine Bed\u00fcrfnisse zugeschnitten sein. Mit meinem Service bekommst du eine Website, die speziell f\u00fcr dich entwickelt wird [&hellip;]<\/p>\n","protected":false},"author":1,"featured_media":0,"parent":0,"menu_order":0,"comment_status":"closed","ping_status":"closed","template":"","meta":{"_acf_changed":false,"footnotes":""},"categories":[],"tags":[],"class_list":["post-14380","page","type-page","status-publish","hentry"],"acf":[],"_links":{"self":[{"href":"https:\/\/digitaldesignforge.com\/de\/wp-json\/wp\/v2\/pages\/14380","targetHints":{"allow":["GET"]}}],"collection":[{"href":"https:\/\/digitaldesignforge.com\/de\/wp-json\/wp\/v2\/pages"}],"about":[{"href":"https:\/\/digitaldesignforge.com\/de\/wp-json\/wp\/v2\/types\/page"}],"author":[{"embeddable":true,"href":"https:\/\/digitaldesignforge.com\/de\/wp-json\/wp\/v2\/users\/1"}],"replies":[{"embeddable":true,"href":"https:\/\/digitaldesignforge.com\/de\/wp-json\/wp\/v2\/comments?post=14380"}],"version-history":[{"count":6,"href":"https:\/\/digitaldesignforge.com\/de\/wp-json\/wp\/v2\/pages\/14380\/revisions"}],"predecessor-version":[{"id":16214,"href":"https:\/\/digitaldesignforge.com\/de\/wp-json\/wp\/v2\/pages\/14380\/revisions\/16214"}],"wp:attachment":[{"href":"https:\/\/digitaldesignforge.com\/de\/wp-json\/wp\/v2\/media?parent=14380"}],"wp:term":[{"taxonomy":"category","embeddable":true,"href":"https:\/\/digitaldesignforge.com\/de\/wp-json\/wp\/v2\/categories?post=14380"},{"taxonomy":"post_tag","embeddable":true,"href":"https:\/\/digitaldesignforge.com\/de\/wp-json\/wp\/v2\/tags?post=14380"}],"curies":[{"name":"wp","href":"https:\/\/api.w.org\/{rel}","templated":true}]}}