{"id":14315,"date":"2025-01-20T14:27:13","date_gmt":"2025-01-20T14:27:13","guid":{"rendered":"https:\/\/digitaldesignforge.com\/website-erstellen\/"},"modified":"2025-01-22T13:10:09","modified_gmt":"2025-01-22T13:10:09","slug":"website-erstellen","status":"publish","type":"page","link":"https:\/\/digitaldesignforge.com\/de\/website-erstellen\/","title":{"rendered":"Website erstellen"},"content":{"rendered":"\t\t<div data-elementor-type=\"wp-page\" data-elementor-id=\"14315\" class=\"elementor elementor-14315 elementor-13529\" data-elementor-post-type=\"page\">\n\t\t\t\t<div class=\"elementor-element elementor-element-08b255b e-flex e-con-boxed e-con e-parent\" data-id=\"08b255b\" data-element_type=\"container\" data-e-type=\"container\" data-settings=\"{&quot;background_background&quot;:&quot;gradient&quot;}\">\n\t\t\t\t\t<div class=\"e-con-inner\">\n\t\t<div class=\"elementor-element elementor-element-b41d65c e-con-full e-flex e-con e-child\" data-id=\"b41d65c\" data-element_type=\"container\" data-e-type=\"container\" data-settings=\"{&quot;background_background&quot;:&quot;gradient&quot;,&quot;position&quot;:&quot;absolute&quot;}\">\n\t\t\t\t<\/div>\n\t\t<div class=\"elementor-element elementor-element-5ebf45c e-con-full e-flex e-con e-child\" data-id=\"5ebf45c\" data-element_type=\"container\" data-e-type=\"container\">\n\t\t\t\t<div class=\"elementor-element elementor-element-ceec52d elementor-absolute elementor-view-default elementor-widget elementor-widget-icon\" data-id=\"ceec52d\" data-element_type=\"widget\" data-e-type=\"widget\" data-settings=\"{&quot;_position&quot;:&quot;absolute&quot;}\" data-widget_type=\"icon.default\">\n\t\t\t\t<div class=\"elementor-widget-container\">\n\t\t\t\t\t\t\t<div class=\"elementor-icon-wrapper\">\n\t\t\t<div class=\"elementor-icon\">\n\t\t\t<i aria-hidden=\"true\" class=\"fas fa-rocket\"><\/i>\t\t\t<\/div>\n\t\t<\/div>\n\t\t\t\t\t\t<\/div>\n\t\t\t\t<\/div>\n\t\t\t\t<div class=\"elementor-element elementor-element-1154890 elementor-widget elementor-widget-heading\" data-id=\"1154890\" data-element_type=\"widget\" data-e-type=\"widget\" data-widget_type=\"heading.default\">\n\t\t\t\t<div class=\"elementor-widget-container\">\n\t\t\t\t\t<h2 class=\"elementor-heading-title elementor-size-default\">Starte deine Webseite<\/h2>\t\t\t\t<\/div>\n\t\t\t\t<\/div>\n\t\t\t\t<div class=\"elementor-element elementor-element-f1b0f25 elementor-widget elementor-widget-text-editor\" data-id=\"f1b0f25\" data-element_type=\"widget\" data-e-type=\"widget\" data-widget_type=\"text-editor.default\">\n\t\t\t\t<div class=\"elementor-widget-container\">\n\t\t\t\t\t\t\t\t\t<p>Sieh, wie ich mit Kunden zusammenarbeite, um ihre perfekte Website zu erstellen.<\/p>\n\t\t\t\t\t\t\t\t<\/div>\n\t\t\t\t<\/div>\n\t\t\t\t<\/div>\n\t\t\t\t\t<\/div>\n\t\t\t\t<\/div>\n\t\t<div class=\"elementor-element elementor-element-ca49629 e-flex e-con-boxed e-con e-parent\" data-id=\"ca49629\" data-element_type=\"container\" data-e-type=\"container\">\n\t\t\t\t\t<div class=\"e-con-inner\">\n\t\t<div class=\"elementor-element elementor-element-2c03182 e-con-full e-flex e-con e-child\" data-id=\"2c03182\" data-element_type=\"container\" data-e-type=\"container\">\n\t\t\t\t<div class=\"elementor-element elementor-element-c8f0ca3 elementor-widget__width-initial elementor-widget-mobile__width-inherit elementor-widget elementor-widget-text-editor\" data-id=\"c8f0ca3\" data-element_type=\"widget\" data-e-type=\"widget\" data-widget_type=\"text-editor.default\">\n\t\t\t\t<div class=\"elementor-widget-container\">\n\t\t\t\t\t\t\t\t\t<p data-pm-slice=\"1 1 []\">Wie ich arbeite \u2013 Ein transparenter &amp; pers\u00f6nlicher Ansatz f\u00fcr Webdesign<\/p>\n<h2><strong>Dein Business verstehen<\/strong><\/h2>\n<p>Bevor wir \u00fcber Farben, Buttons und schicke Animationen reden, will ich dein Business wirklich verstehen. Was sind deine Ziele? Was macht dich einzigartig? Welche Probleme soll deine Website l\u00f6sen? Stell es dir wie ein erstes Date vor, nur ohne peinlichen Smalltalk, sondern direkt mit dem, was wirklich z\u00e4hlt, deine Gesch\u00e4ftsziele und Werte.<\/p>\n\t\t\t\t\t\t\t\t<\/div>\n\t\t\t\t<\/div>\n\t\t\t\t<div class=\"elementor-element elementor-element-4931450 elementor-widget__width-initial elementor-widget-mobile__width-inherit elementor-widget elementor-widget-image\" data-id=\"4931450\" data-element_type=\"widget\" data-e-type=\"widget\" data-widget_type=\"image.default\">\n\t\t\t\t<div class=\"elementor-widget-container\">\n\t\t\t\t\t\t\t\t\t\t\t\t\t\t\t<img fetchpriority=\"high\" decoding=\"async\" width=\"800\" height=\"800\" src=\"https:\/\/digitaldesignforge.com\/wp-content\/uploads\/2025\/01\/handshake.webp\" class=\"attachment-large size-large wp-image-15921\" alt=\"digitaldesignforge handshake illustration\" srcset=\"https:\/\/digitaldesignforge.com\/wp-content\/uploads\/2025\/01\/handshake.webp 1024w, https:\/\/digitaldesignforge.com\/wp-content\/uploads\/2025\/01\/handshake-300x300.webp 300w, https:\/\/digitaldesignforge.com\/wp-content\/uploads\/2025\/01\/handshake-150x150.webp 150w, https:\/\/digitaldesignforge.com\/wp-content\/uploads\/2025\/01\/handshake-768x768.webp 768w, https:\/\/digitaldesignforge.com\/wp-content\/uploads\/2025\/01\/handshake-24x24.webp 24w, https:\/\/digitaldesignforge.com\/wp-content\/uploads\/2025\/01\/handshake-48x48.webp 48w, https:\/\/digitaldesignforge.com\/wp-content\/uploads\/2025\/01\/handshake-96x96.webp 96w\" sizes=\"(max-width: 800px) 100vw, 800px\" \/>\t\t\t\t\t\t\t\t\t\t\t\t\t\t\t<\/div>\n\t\t\t\t<\/div>\n\t\t\t\t<\/div>\n\t\t\t\t<div class=\"elementor-element elementor-element-95c2bb7 elementor-widget elementor-widget-text-editor\" data-id=\"95c2bb7\" data-element_type=\"widget\" data-e-type=\"widget\" data-widget_type=\"text-editor.default\">\n\t\t\t\t<div class=\"elementor-widget-container\">\n\t\t\t\t\t\t\t\t\t<h2>Planung &amp; Strategie<\/h2>\n<p><span style=\"font-weight: 400;\">Sobald ich wei\u00df, worauf es bei dir ankommt, erstelle ich einen Plan, der genau auf dein Business zugeschnitten ist. Wir definieren die wichtigsten Features, deine einzigartigen Verkaufsargumente und ich mache Designvorschl\u00e4ge. Ich bin ehrlich mit dir, wenn etwas nicht funktioniert, sage ich es dir, aber ich bringe immer Alternativen mit. Keine 08\/15-L\u00f6sungen, sondern eine klare Strategie f\u00fcr eine Website, die dein Business wirklich voranbringt.<\/span><\/p>\n\t\t\t\t\t\t\t\t<\/div>\n\t\t\t\t<\/div>\n\t\t<div class=\"elementor-element elementor-element-3665f0d e-con-full e-flex e-con e-child\" data-id=\"3665f0d\" data-element_type=\"container\" data-e-type=\"container\">\n\t\t\t\t<div class=\"elementor-element elementor-element-3c4d152 elementor-widget__width-initial elementor-widget-mobile__width-inherit elementor-widget elementor-widget-text-editor\" data-id=\"3c4d152\" data-element_type=\"widget\" data-e-type=\"widget\" data-widget_type=\"text-editor.default\">\n\t\t\t\t<div class=\"elementor-widget-container\">\n\t\t\t\t\t\t\t\t\t<h2>Website-Erstellung<\/h2>\n<p><span style=\"font-weight: 400;\">Sobald der Plan steht, lege ich los. Hier passiert die Magie, oder besser gesagt, hier treffen Logik und Kreativit\u00e4t aufeinander. Alles wird mit Sinn und Verstand designt, von der Navigation bis zur Ladezeit. Ich sorge daf\u00fcr, dass deine Website gut aussieht, reibungslos funktioniert und niemand schon vor dem ersten Klick frustriert aussteigt.<\/span><\/p>\n\t\t\t\t\t\t\t\t<\/div>\n\t\t\t\t<\/div>\n\t\t\t\t<div class=\"elementor-element elementor-element-a86bf94 elementor-widget__width-initial elementor-widget-mobile__width-inherit elementor-widget elementor-widget-image\" data-id=\"a86bf94\" data-element_type=\"widget\" data-e-type=\"widget\" data-widget_type=\"image.default\">\n\t\t\t\t<div class=\"elementor-widget-container\">\n\t\t\t\t\t\t\t\t\t\t\t\t\t\t\t<img decoding=\"async\" width=\"800\" height=\"800\" src=\"https:\/\/digitaldesignforge.com\/wp-content\/uploads\/2025\/01\/development.webp\" class=\"attachment-large size-large wp-image-15941\" alt=\"digitaldesignforge working illustration\" srcset=\"https:\/\/digitaldesignforge.com\/wp-content\/uploads\/2025\/01\/development.webp 1024w, https:\/\/digitaldesignforge.com\/wp-content\/uploads\/2025\/01\/development-300x300.webp 300w, https:\/\/digitaldesignforge.com\/wp-content\/uploads\/2025\/01\/development-150x150.webp 150w, https:\/\/digitaldesignforge.com\/wp-content\/uploads\/2025\/01\/development-768x768.webp 768w, https:\/\/digitaldesignforge.com\/wp-content\/uploads\/2025\/01\/development-24x24.webp 24w, https:\/\/digitaldesignforge.com\/wp-content\/uploads\/2025\/01\/development-48x48.webp 48w, https:\/\/digitaldesignforge.com\/wp-content\/uploads\/2025\/01\/development-96x96.webp 96w\" sizes=\"(max-width: 800px) 100vw, 800px\" \/>\t\t\t\t\t\t\t\t\t\t\t\t\t\t\t<\/div>\n\t\t\t\t<\/div>\n\t\t\t\t<\/div>\n\t\t\t\t<div class=\"elementor-element elementor-element-dc3e857 elementor-widget elementor-widget-text-editor\" data-id=\"dc3e857\" data-element_type=\"widget\" data-e-type=\"widget\" data-widget_type=\"text-editor.default\">\n\t\t\t\t<div class=\"elementor-widget-container\">\n\t\t\t\t\t\t\t\t\t<h2>Feedback &amp; Korrekturen<\/h2>\n<p><span style=\"font-weight: 400;\">Wenn die Website fertig ist, bekommst du sie zur Durchsicht. Jetzt ist dein Moment, um mir zu sagen, was noch angepasst werden soll. Eine Runde Korrekturen ist inklusive, denn mal ehrlich, endlose \u00c4nderungen bedeuten meist, dass vorher etwas schiefgelaufen ist. Ich sorge daf\u00fcr, dass es von Anfang an passt.<\/span><\/p>\n\t\t\t\t\t\t\t\t<\/div>\n\t\t\t\t<\/div>\n\t\t<div class=\"elementor-element elementor-element-2d4e90c e-con-full e-flex e-con e-child\" data-id=\"2d4e90c\" data-element_type=\"container\" data-e-type=\"container\">\n\t\t\t\t<div class=\"elementor-element elementor-element-bd1e39e elementor-widget__width-initial elementor-widget-mobile__width-inherit elementor-widget elementor-widget-text-editor\" data-id=\"bd1e39e\" data-element_type=\"widget\" data-e-type=\"widget\" data-widget_type=\"text-editor.default\">\n\t\t\t\t<div class=\"elementor-widget-container\">\n\t\t\t\t\t\t\t\t\t<h2>Launch &amp; Hosting-Optionen<\/h2>\n<p><span style=\"font-weight: 400;\">Wenn alles passt, geht deine Website live. Falls du Hosting brauchst, kann ich das f\u00fcr dich \u00fcbernehmen oder dir helfen, es auf deinem eigenen Server einzurichten. Kein Technik-Wirrwarr, keine komplizierten Setups, einfach ein stressfreier Launch.<\/span><\/p>\n\t\t\t\t\t\t\t\t<\/div>\n\t\t\t\t<\/div>\n\t\t\t\t<div class=\"elementor-element elementor-element-2aecb82 elementor-widget__width-initial elementor-widget-mobile__width-inherit elementor-widget elementor-widget-image\" data-id=\"2aecb82\" data-element_type=\"widget\" data-e-type=\"widget\" data-widget_type=\"image.default\">\n\t\t\t\t<div class=\"elementor-widget-container\">\n\t\t\t\t\t\t\t\t\t\t\t\t\t\t\t<img decoding=\"async\" width=\"800\" height=\"800\" src=\"https:\/\/digitaldesignforge.com\/wp-content\/uploads\/2025\/01\/server.webp\" class=\"attachment-large size-large wp-image-15955\" alt=\"digitaldesignforge server  illustration\" srcset=\"https:\/\/digitaldesignforge.com\/wp-content\/uploads\/2025\/01\/server.webp 1024w, https:\/\/digitaldesignforge.com\/wp-content\/uploads\/2025\/01\/server-300x300.webp 300w, https:\/\/digitaldesignforge.com\/wp-content\/uploads\/2025\/01\/server-150x150.webp 150w, https:\/\/digitaldesignforge.com\/wp-content\/uploads\/2025\/01\/server-768x768.webp 768w, https:\/\/digitaldesignforge.com\/wp-content\/uploads\/2025\/01\/server-24x24.webp 24w, https:\/\/digitaldesignforge.com\/wp-content\/uploads\/2025\/01\/server-48x48.webp 48w, https:\/\/digitaldesignforge.com\/wp-content\/uploads\/2025\/01\/server-96x96.webp 96w\" sizes=\"(max-width: 800px) 100vw, 800px\" \/>\t\t\t\t\t\t\t\t\t\t\t\t\t\t\t<\/div>\n\t\t\t\t<\/div>\n\t\t\t\t<\/div>\n\t\t\t\t<div class=\"elementor-element elementor-element-c16a2dc elementor-widget elementor-widget-text-editor\" data-id=\"c16a2dc\" data-element_type=\"widget\" data-e-type=\"widget\" data-widget_type=\"text-editor.default\">\n\t\t\t\t<div class=\"elementor-widget-container\">\n\t\t\t\t\t\t\t\t\t<h2>Warum mit mir arbeiten?<\/h2>\n<p><span style=\"font-weight: 400;\">Ehrlich &amp; Direkt Ich sage dir, was funktioniert und was nicht, kein unn\u00f6tiger Schnickschnack, nur klare, effektive L\u00f6sungen. Pers\u00f6nlicher Ansatz Ich baue nicht nur Websites, ich baue Partnerschaften. Dein Erfolg ist mir wichtig und ich nehme mir die Zeit, alles richtig zu machen. Mit Humor Technik kann trocken sein, ich halte es professionell, aber mit einer Prise Humor. Flexible Hosting-Optionen Egal ob du es selbst machen willst oder ich es f\u00fcr dich \u00fcbernehme, du hast die Wahl.<\/span><\/p>\n<h2>Lass uns loslegen<\/h2>\n<p><span style=\"font-weight: 400;\">Wenn du jemanden suchst, der zuh\u00f6rt, ehrliche Ratschl\u00e4ge gibt und Websites baut, die wirklich was bringen, dann lass uns quatschen. Ich freue mich auf dein Projekt!<\/span><\/p>\n\t\t\t\t\t\t\t\t<\/div>\n\t\t\t\t<\/div>\n\t\t\t\t\t<\/div>\n\t\t\t\t<\/div>\n\t\t\t\t<\/div>\n\t\t","protected":false},"excerpt":{"rendered":"<p>Starte deine Webseite Sieh, wie ich mit Kunden zusammenarbeite, um ihre perfekte Website zu erstellen. Wie ich arbeite \u2013 Ein transparenter &amp; pers\u00f6nlicher Ansatz f\u00fcr Webdesign Dein Business verstehen Bevor wir \u00fcber Farben, Buttons und schicke Animationen reden, will ich dein Business wirklich verstehen. Was sind deine Ziele? Was macht dich einzigartig? Welche Probleme soll [&hellip;]<\/p>\n","protected":false},"author":1,"featured_media":0,"parent":0,"menu_order":0,"comment_status":"closed","ping_status":"closed","template":"","meta":{"_acf_changed":false,"footnotes":""},"categories":[],"tags":[],"class_list":["post-14315","page","type-page","status-publish","hentry"],"acf":[],"_links":{"self":[{"href":"https:\/\/digitaldesignforge.com\/de\/wp-json\/wp\/v2\/pages\/14315","targetHints":{"allow":["GET"]}}],"collection":[{"href":"https:\/\/digitaldesignforge.com\/de\/wp-json\/wp\/v2\/pages"}],"about":[{"href":"https:\/\/digitaldesignforge.com\/de\/wp-json\/wp\/v2\/types\/page"}],"author":[{"embeddable":true,"href":"https:\/\/digitaldesignforge.com\/de\/wp-json\/wp\/v2\/users\/1"}],"replies":[{"embeddable":true,"href":"https:\/\/digitaldesignforge.com\/de\/wp-json\/wp\/v2\/comments?post=14315"}],"version-history":[{"count":7,"href":"https:\/\/digitaldesignforge.com\/de\/wp-json\/wp\/v2\/pages\/14315\/revisions"}],"predecessor-version":[{"id":16206,"href":"https:\/\/digitaldesignforge.com\/de\/wp-json\/wp\/v2\/pages\/14315\/revisions\/16206"}],"wp:attachment":[{"href":"https:\/\/digitaldesignforge.com\/de\/wp-json\/wp\/v2\/media?parent=14315"}],"wp:term":[{"taxonomy":"category","embeddable":true,"href":"https:\/\/digitaldesignforge.com\/de\/wp-json\/wp\/v2\/categories?post=14315"},{"taxonomy":"post_tag","embeddable":true,"href":"https:\/\/digitaldesignforge.com\/de\/wp-json\/wp\/v2\/tags?post=14315"}],"curies":[{"name":"wp","href":"https:\/\/api.w.org\/{rel}","templated":true}]}}